{"id":238,"date":"2026-04-14T20:23:55","date_gmt":"2026-04-14T20:23:55","guid":{"rendered":"https:\/\/smmcl.ca\/?page_id=238"},"modified":"2026-04-14T22:44:16","modified_gmt":"2026-04-14T22:44:16","slug":"frotet-project","status":"publish","type":"page","link":"https:\/\/smmcl.ca\/","title":{"rendered":"Projet Frotet"},"content":{"rendered":"\n<div class=\"alignfull ark-block-section has-bg-img\" data-height=\"content\"><div class=\"ark-block-section__media arkb-absLayer\"><img loading=\"lazy\" decoding=\"async\" src=\"http:\/\/smmcl.ca\/wp-content\/uploads\/2025\/12\/Frotet_pic_2.png\" width=\"1282\" height=\"214\" class=\"ark-block-section__img arkb-obf-cover wp-image-186\" alt=\"\" decording=\"async\" aria-hidden=\"true\" srcset=\"https:\/\/smmcl.ca\/wp-content\/uploads\/2025\/12\/Frotet_pic_2.png 1282w, https:\/\/smmcl.ca\/wp-content\/uploads\/2025\/12\/Frotet_pic_2-300x50.png 300w, https:\/\/smmcl.ca\/wp-content\/uploads\/2025\/12\/Frotet_pic_2-1024x171.png 1024w, https:\/\/smmcl.ca\/wp-content\/uploads\/2025\/12\/Frotet_pic_2-768x128.png 768w\" sizes=\"auto, (max-width: 1282px) 100vw, 1282px\" \/><\/div><div class=\"ark-block-section__color arkb-absLayer\" style=\"background-color:#f7f7f7;opacity:0.00\"><\/div><div class=\"ark-block-section__body\" data-content=\"center-left\"><div class=\"ark-block-section__bodyInner ark-keep-mt\">\n<p><\/p>\n\n\n\n<div class=\"ark-block-heading has-text-color custom-h2\" data-sub=\"top\" style=\"color:var(--ark-color--bg)\"><div class=\"ark-block-heading__sub\"><\/div><h2 class=\"ark-block-heading__main\">Projet Frotet<\/h2><\/div>\n\n\n\n<p><\/p>\n<\/div><\/div><\/div>\n\n\n\n<div class=\"wp-block-group frotet-page-content\"><div class=\"wp-block-group__inner-container is-layout-constrained wp-block-group-is-layout-constrained\">\n<div class=\"wp-block-group frotet-list-content-block\"><div class=\"wp-block-group__inner-container is-layout-constrained wp-block-group-is-layout-constrained\">\n<ul class=\"wp-block-list u-mt-5\">\n<li><a href=\"#overview\" data-type=\"internal\" data-id=\"#overview\">Aper\u00e7u<\/a><\/li>\n\n\n\n<li><a href=\"#location-and-access\">Emplacement et acc\u00e8s<\/a><\/li>\n\n\n\n<li><a href=\"#geology-and-mineralization\" data-type=\"internal\" data-id=\"#geology-and-mineralization\">G\u00e9ologie et min\u00e9ralisation<\/a><\/li>\n\n\n\n<li><a href=\"#exploration-history-and-activities\" data-type=\"internal\" data-id=\"#exploration-history-and-activities\">Histoire et activit\u00e9s de l\u2019exploration<\/a><\/li>\n\n\n\n<li><a href=\"#community-relation\" data-type=\"internal\" data-id=\"#community-relation\">Relations communautaires<\/a><\/li>\n\n\n\n<li><a href=\"#about-us\" data-type=\"internal\" data-id=\"#about-us\">\u00c0 propos de nous<\/a><\/li>\n<\/ul>\n\n\n\n<p><\/p>\n<\/div><\/div>\n\n\n\n<div class=\"wp-block-group frotet-content-block\" style=\"padding-top:0;padding-bottom:var(--wp--preset--spacing--80)\"><div class=\"wp-block-group__inner-container is-layout-constrained wp-block-group-is-layout-constrained\">\n<h3 class=\"wp-block-heading custom-h3\" id=\"overview\"><strong>Aper\u00e7u<\/strong><\/h3>\n\n\n\n<p>Sumitomo Metal Mining Canada Ltd. (\u00ab SMCL \u00bb) d\u00e9tient une participation \u00e0 100 % dans le projet aurif\u00e8re Frotet (\u00ab Projet Frotet \u00bb), qui couvre 39 365 hectares de la ceinture de roches vertes de Frotet-Evans, situ\u00e9e dans la sous-province g\u00e9ologique de l\u2019Opatica, au Qu\u00e9bec. Le projet est &nbsp;adjacent \u00e0 l\u2019ancienne mine d\u2019or et de cuivre Troilus et englobe plusieurs zones majeures de d\u00e9formation associ\u00e9es \u00e0 des syst\u00e8mes aurif\u00e8res orog\u00e9niques connus.<\/p>\n\n\n\n<p>Le projet contient le syst\u00e8me aurif\u00e8re de Regnault, une d\u00e9couverte r\u00e9alis\u00e9e en champs vierges en 2020 gr\u00e2ce \u00e0 des travaux d\u2019exploration men\u00e9s dans le cadre d\u2019un partenariat entre SMCL et Kenorland Minerals Ltd. Cette d\u00e9couverte repr\u00e9sente l\u2019un des syst\u00e8mes aurif\u00e8res orog\u00e9niques les plus importants identifi\u00e9s dans la ceinture de Frotet-Evans au cours des derni\u00e8res ann\u00e9es.<\/p>\n\n\n\n<p>Le 16 janvier 2024, SMCL a acquis la pleine propri\u00e9t\u00e9 du projet Frotet \u00e0 la suite de la conversion de la participation de 20 % d\u00e9tenue par Kenorland Minerals Ltd. en une redevance de 4 % sur le revenu net de fonderie. SMCL a pris la rel\u00e8ve de Kenorland Minerals Ltd. \u00e0 titre d\u2019exploitant du projet dans le cadre du programme de forage de l\u2019\u00e9t\u00e9 2025.<\/p>\n\n\n\n<p>Des \u00e9tudes d\u2019ing\u00e9nierie et des \u00e9tudes de r\u00e9f\u00e9rence sont en cours en vue d\u2019une \u00e9ventuelle demande d\u2019autorisation et de permis pour la construction d\u2019une galerie d\u2019exploration souterraine dans le cadre du projet.<\/p>\n\n\n\n<p><\/p>\n\n\n\n<hr class=\"wp-block-separator has-alpha-channel-opacity is-style-wide u-mt-20\"\/>\n\n\n\n<p><\/p>\n\n\n\n<h3 class=\"wp-block-heading custom-h3 u-mt-20\" id=\"location-and-access\"><strong>Emplacement et acc\u00e8s<\/strong><\/h3>\n\n\n\n<p>Le projet est situ\u00e9 \u00e0 environ 100 kilom\u00e8tres au nord de Chibougamau, au Qu\u00e9bec, dans une r\u00e9gion dot\u00e9e d\u2019infrastructures bien d\u00e9velopp\u00e9es. La propri\u00e9t\u00e9 est accessible via un vaste r\u00e9seau de chemins forestiers et la Route-du-Nord traverse sa section sud-ouest. Une ligne \u00e9lectrique traverse la propri\u00e9t\u00e9; celle-ci alimentait autrefois en \u00e9lectricit\u00e9 l\u2019ancienne mine Troilus.<\/p>\n\n\n\n<p><\/p>\n\n\n<div class=\"wp-block-image u-mt-20 is-style-default\">\n<figure class=\"aligncenter size-large is-resized\"><img loading=\"lazy\" decoding=\"async\" width=\"729\" height=\"1024\" src=\"http:\/\/smmcl.ca\/wp-content\/uploads\/2025\/12\/Map-729x1024.jpg\" alt=\"\" class=\"wp-image-171\" style=\"width:400px\" srcset=\"https:\/\/smmcl.ca\/wp-content\/uploads\/2025\/12\/Map-729x1024.jpg 729w, https:\/\/smmcl.ca\/wp-content\/uploads\/2025\/12\/Map-214x300.jpg 214w, https:\/\/smmcl.ca\/wp-content\/uploads\/2025\/12\/Map-768x1079.jpg 768w, https:\/\/smmcl.ca\/wp-content\/uploads\/2025\/12\/Map-1094x1536.jpg 1094w, https:\/\/smmcl.ca\/wp-content\/uploads\/2025\/12\/Map-1458x2048.jpg 1458w, https:\/\/smmcl.ca\/wp-content\/uploads\/2025\/12\/Map.jpg 1792w\" sizes=\"auto, (max-width: 729px) 100vw, 729px\" \/><\/figure>\n<\/div>\n\n\n<h3 class=\"wp-block-heading custom-h3 u-mt-20\" id=\"geology-and-mineralization\">G\u00e9ologie et min\u00e9ralisation<\/h3>\n\n\n\n<p>Le projet Frotet se situe dans la ceinture de roches vertes arch\u00e9ennes de Frotet-Evans (2793\u20132755 Ma), qui comprend une s\u00e9quence volcanique bien pr\u00e9serv\u00e9e domin\u00e9e par des roches m\u00e9tavolcaniques mafiques \u00e0 felsiques. Les unit\u00e9s volcaniques inf\u00e9rieures sont principalement compos\u00e9es de komatiites basaltiques et de basaltes thol\u00e9iitiques, tandis que les unit\u00e9s sup\u00e9rieures sont domin\u00e9es par des compositions interm\u00e9diaires \u00e0 felsiques. Des intrusions mafiques sont largement r\u00e9pandues dans toute la colonne stratigraphique, se pr\u00e9sentant g\u00e9n\u00e9ralement sous forme de filons-couches diff\u00e9renci\u00e9s et contemporains au volcanisme. De minces horizons s\u00e9dimentaires, comprenant de l\u2019argilite, de la grauwacke et des conglom\u00e9rats mineurs, sont intercal\u00e9s au sein de la succession volcanique. La ceinture a subi de multiples \u00e9v\u00e9nements de d\u00e9formation, ce qui a donn\u00e9 lieu \u00e0 une architecture structurale complexe d\u00e9finie par d\u2019importantes zones de cisaillement orient\u00e9es nord-est et est-ouest ainsi que des syst\u00e8mes de plis offrant des conditions favorables \u00e0 la min\u00e9ralisation aurif\u00e8re.<\/p>\n\n\n\n<p>Dans ce contexte g\u00e9ologique r\u00e9gional, les activit\u00e9s d\u2019exploration men\u00e9es par SMCL et Kenorland Minerals Ltd. se sont concentr\u00e9es sur le syst\u00e8me min\u00e9ralis\u00e9 aurif\u00e8re de Regnault. \u00c0 ce jour, celui-ci repr\u00e9sente la d\u00e9couverte la plus importante identifi\u00e9e dans le cadre du projet Frotet. La min\u00e9ralisation est principalement contenue dans le complexe intrusif polyphas\u00e9 de Regnault, celui-ci \u00e9tant constitu\u00e9 de diorite, de diorite porphyrique \u00e0 amphibole, de diorite contenant des x\u00e9nolithes et de phases de br\u00e8ches intrusives marginales. Le complexe intrusif est lui-m\u00eame recoup\u00e9 par plusieurs g\u00e9n\u00e9rations de dykes felsiques et mafiques. Le complexe intrusif est spatialement associ\u00e9 \u00e0 la fermeture du synforme de Cuvette le long du flanc sud de l\u2019antiforme majeur de Frotet; il a subi une forte d\u00e9formation D2. Cette d\u00e9formation a concentr\u00e9 la contrainte le long de zones de cisaillement \u00e0 forte inclinaison, orient\u00e9es est-ouest, qui constituent le contr\u00f4le structural principal de la min\u00e9ralisation aurif\u00e8re.<\/p>\n\n\n\n<p>Les zones min\u00e9ralis\u00e9es sont constitu\u00e9es de structures de cisaillement ductiles-fragiles caract\u00e9ris\u00e9es par une alt\u00e9ration biotite\u2013calcite \u00b1 silice\u2013chlorite et par des sulfures diss\u00e9min\u00e9s, principalement de la pyrite. La min\u00e9ralisation \u00e0 haute teneur se trouve au sein de veines lamin\u00e9es de quartz-carbonate-pyrite et de stockworks extensionnels de quartz associ\u00e9s, contenant localement de l\u2019or visible et des traces de tellurures d\u2019Au-Ag. \u00c0 l\u2019intersection des zones de cisaillement est-ouest et du contact diorite-volcanique, des contrastes rh\u00e9ologiques ont produit des syst\u00e8mes de veines extensionnelles de quartz-pyrite superpos\u00e9es, peu profondes et inclin\u00e9es vers le nord. L\u2019ensemble de ces caract\u00e9ristiques g\u00e9ologiques et structurales d\u00e9finissent un vaste syst\u00e8me aurif\u00e8re orog\u00e9nique \u00e0 haute teneur contr\u00f4l\u00e9 structuralement au sein de la zone du projet Frotet.<\/p>\n\n\n\n<p><\/p>\n\n\n\n<h3 class=\"wp-block-heading custom-h3 u-mt-20\" id=\"exploration-history-and-activities\"><strong>Histoire et activit\u00e9s de l\u2019exploration<\/strong><\/h3>\n\n\n\n<p>Le projet Frotet a \u00e9t\u00e9 acquis par Kenorland Minerals Ltd. via le jalonnement cartographique en 2017, puis optionn\u00e9 \u00e0 Sumitomo Metal Mining Canada Ltd. (SMCL) en 2018. \u00c0 la suite de cet accord, des programmes d\u2019exploration syst\u00e9matiques et multidisciplinaires ont \u00e9t\u00e9 lanc\u00e9s pour \u00e9valuer le potentiel aurif\u00e8re de la propri\u00e9t\u00e9. Les premiers programmes de travaux inclurent l\u2019\u00e9chantillonnage g\u00e9ochimique de sol et de till \u00e0 l\u2019\u00e9chelle r\u00e9gionale, des lev\u00e9s magn\u00e9tiques et LiDAR a\u00e9roport\u00e9s \u00e0 haute r\u00e9solution ainsi que des travaux de cartographie g\u00e9ologique qui ont collectivement permis d\u2019identifier la zone cible de Regnault.<\/p>\n\n\n\n<p>Les forages au diamant ult\u00e9rieurs ont confirm\u00e9 la pr\u00e9sence d\u2019une min\u00e9ralisation aurif\u00e8re importante dans la r\u00e9gion de Regnault, ce qui en fait la zone d\u2019int\u00e9r\u00eat principale du projet Frotet. Des campagnes de forage successives de remplissage et d\u2019exploration ont \u00e9t\u00e9 men\u00e9es afin de d\u00e9limiter la g\u00e9om\u00e9trie ainsi que la continuit\u00e9 des teneurs et des contr\u00f4les structuraux des zones min\u00e9ralis\u00e9es. Gr\u00e2ce \u00e0 ces programmes, plusieurs structures min\u00e9ralis\u00e9es distinctes mais spatialement li\u00e9es (d\u00e9sign\u00e9es R1 \u00e0 R11) ont \u00e9t\u00e9 identifi\u00e9es, chacune d\u00e9finie par des syst\u00e8mes de veines de quartz \u00e0 haute teneur et \u00e0 forte inclinaison, contenues dans des s\u00e9quences de diorite et de roches volcaniques. La min\u00e9ralisation pr\u00e9sente une forte continuit\u00e9 structurale, lat\u00e9rale et verticale sur environ 1,8 kilom\u00e8treselon la direction (de la min\u00e9ralisation \/ du gisement) et jusqu\u2019\u00e0 des profondeurs de plus d\u2019un kilom\u00e8tre sous la surface. Ces r\u00e9sultats d\u00e9montrent le d\u00e9veloppement d\u2019un grand syst\u00e8me aurif\u00e8re orog\u00e9nique \u00e0 extension verticale, comportant multiples corridors de veines superpos\u00e9es et des intersections \u00e0 haute teneur constantes.<\/p>\n\n\n\n<p>En 2024, le projet a atteint un total cumul\u00e9 de 100 000 m\u00e8tres de forage, et les activit\u00e9s de forage se poursuivent actuellement. En 2025, la gestion du projet Frotet a \u00e9t\u00e9 officiellement transf\u00e9r\u00e9e de Kenorland Minerals Ltd. \u00e0 SMCL.<\/p>\n\n\n\n<p><\/p>\n\n\n\n<h3 class=\"wp-block-heading custom-h3 u-mt-20\" id=\"community-relation\"><strong>Relations communautaires<\/strong><\/h3>\n\n\n\n<p><span class=\"arkb-inline-icon -has-margin\" style=\"--the-icon-svg: url(data:image\/svg+xml;base64,PHN2ZyBoZWlnaHQ9IjFlbSIgd2lkdGg9IjFlbSIgeG1sbnM9Imh0dHA6Ly93d3cudzMub3JnLzIwMDAvc3ZnIiBhcmlhLWhpZGRlbj0idHJ1ZSIgZGF0YS1pY29uPSJMc0Rvd25sb2FkIiB2aWV3Qm94PSIwIDAgNDggNDgiPjxwYXRoIGQ9Ik00NCA0Mkg0Yy0xLjEgMC0yIC45LTIgMnMuOSAyIDIgMmg0MGMxLjEgMCAyLS45IDItMnMtLjktMi0yLTJ6TTMxIDIwVjRjMC0xLjEtLjktMi0yLTJIMTljLTEuMSAwLTIgLjktMiAydjE2SDkuNGMtLjkgMC0xLjMgMS4xLS43IDEuN2wxNC41IDE1LjRjLjQuNSAxLjEuNSAxLjUgMGwxNC41LTE1LjRjLjYtLjYuMi0xLjctLjctMS43SDMxeiI+PC9wYXRoPjwvc3ZnPg==)\" data-icon=\"LsDownload\" data-id=\"0\" aria-hidden=\"true\">\u2003<\/span>\u3000<a href=\"http:\/\/15.223.145.111\/wp-content\/uploads\/2025\/12\/Frotet_Annual-Work-Planning-Notice-and-Quarterly-Exploration-update_November2025_FINAL.pdf\" data-type=\"link\" data-id=\"http:\/\/15.223.145.111\/wp-content\/uploads\/2025\/12\/Frotet_Annual-Work-Planning-Notice-and-Quarterly-Exploration-update_November2025_FINAL.pdf\">Frotet Annual Planning and Quarterly Exploration Update &#8211; November 2025<\/a><\/p>\n\n\n\n<p><\/p>\n\n\n\n<hr class=\"wp-block-separator has-alpha-channel-opacity is-style-wide u-mt-20\"\/>\n\n\n\n<p><\/p>\n\n\n\n<h3 class=\"wp-block-heading custom-h3 u-mt-20\" id=\"about-us\"><strong>\u00c0 propos de nous<\/strong><\/h3>\n\n\n\n<h5 class=\"wp-block-heading\"><strong>Sumitomo Metal Mining Canada Ltd.<\/strong><\/h5>\n\n\n\n<p>Sumitomo Metal Mining Canada Ltd. (\u00ab SMCL \u00bb), une soci\u00e9t\u00e9 de la Colombie-Britannique, est \u00e0 100 % une filiale de Sumitomo Metal Mining Co., Ltd. (\u00ab SMM \u00bb), une soci\u00e9t\u00e9 mini\u00e8re japonaise. SMCL est la filiale utilis\u00e9e par SMM au Canada pour participer \u00e0 des projets d\u2019exploration mini\u00e8re.<\/p>\n\n\n\n<p>Actuellement, SMCL d\u00e9tient des projets dont ils sont propri\u00e9taires \u00e0 100 % ainsi que plusieurs projets en coentreprise dans le domaine de l\u2019exploration mini\u00e8re au Canada, y compris le projet d\u2019exploration aurif\u00e8re Frotet au Qu\u00e9bec. SMCL fournit \u00e9galement un soutien administratif \u00e0 la participation de la coentreprise de SMM, d\u00e9tenue \u00e0 100 % par sa filiale SMM Gold Cote Inc., dans l\u2019exploitation de la mine aurif\u00e8re C\u00f4t\u00e9 en Ontario, en collaboration avec IAMGOLD Corporation.<\/p>\n\n\n\n<p><span class=\"arkb-inline-icon -has-margin\" style=\"--the-icon-svg: url(data:image\/svg+xml;base64,PHN2ZyBoZWlnaHQ9IjFlbSIgd2lkdGg9IjFlbSIgeG1sbnM9Imh0dHA6Ly93d3cudzMub3JnLzIwMDAvc3ZnIiBhcmlhLWhpZGRlbj0idHJ1ZSIgZGF0YS1pY29uPSJMc0xpbmsiIHZpZXdCb3g9IjAgMCA0OCA0OCI+PHBhdGggZD0iTTIxLjIgMzAuMmMtLjUgMC0xLS4yLTEuNC0uNmwtLjctLjdjLTIuMy0yLjMtMy41LTUuMy0zLjUtOC41czEuMi02LjIgMy41LTguNWw3LjEtNy4xYzIuMy0yLjMgNS4zLTMuNSA4LjUtMy41czYuMiAxLjIgOC41IDMuNWM0LjcgNC43IDQuNyAxMi4zIDAgMTdsLTMuNSAzLjVjLS44LjgtMiAuOC0yLjggMC0uOC0uOC0uOC0yIDAtMi44bDMuNS0zLjVjMy4xLTMuMSAzLjEtOC4yIDAtMTEuMy0xLjUtMS41LTMuNS0yLjMtNS43LTIuMy0yLjEgMC00LjIuOC01LjcgMi4zbC03LjEgNy4xYy0xLjUgMS41LTIuMyAzLjUtMi4zIDUuN3MuOCA0LjIgMi4zIDUuN2wuNy43Yy44LjguOCAyIDAgMi44LS40LjMtLjkuNS0xLjQuNXoiPjwvcGF0aD48cGF0aCBkPSJNMTMuNCA0Ni42Yy0zLjEgMC02LjEtMS4yLTguNS0zLjUtMi4zLTIuMy0zLjUtNS4zLTMuNS04LjVzMS4yLTYuMiAzLjUtOC41bDMuNS0zLjVjLjgtLjggMi0uOCAyLjggMCAuOC44LjggMiAwIDIuOGwtMy41IDMuNWMtMS41IDEuNS0yLjMgMy41LTIuMyA1LjcgMCAyLjEuOCA0LjIgMi4zIDUuNyAzLjEgMy4xIDguMiAzLjEgMTEuMyAwbDcuMS03LjFjMS41LTEuNSAyLjMtMy41IDIuMy01LjcgMC0yLjEtLjgtNC4yLTIuMy01LjdsLS43LS43Yy0uOC0uOC0uOC0yIDAtMi44LjgtLjggMi0uOCAyLjggMGwuNy43YzIuMyAyLjMgMy41IDUuMyAzLjUgOC41cy0xLjIgNi4yLTMuNSA4LjVsLTcuMSA3LjFjLTIuMyAyLjMtNS4zIDMuNS04LjQgMy41eiI+PC9wYXRoPjwvc3ZnPg==)\" data-icon=\"LsLink\" data-id=\"0\" aria-hidden=\"true\">\u2003<\/span><a href=\"https:\/\/www.smm.co.jp\/en\/\" data-type=\"link\" data-id=\"https:\/\/www.smm.co.jp\/en\/\" target=\"_blank\" rel=\"noreferrer noopener\">Link to Sumitomo Metal Mining Co., Ltd.<\/a><\/p>\n<\/div><\/div>\n\n\n\n<p><\/p>\n<\/div><\/div>\n","protected":false},"excerpt":{"rendered":"<p>Aper\u00e7u Sumitomo Metal Mining Canada Ltd. (\u00ab SMCL \u00bb) d\u00e9tient une participation \u00e0 100 % dans le projet aurif\u00e8re Frotet (\u00ab Projet Frotet \u00bb), qui couvre 39 365 hectares de la ceinture de roches vertes de Frotet-Evans, situ\u00e9e dans la sous-province g\u00e9ologique de l\u2019Opatica, au Qu\u00e9bec. Le projet est &nbsp;adjacent \u00e0 l\u2019ancienne mine d\u2019or et de cuivre Troilus et englobe plusieurs zones majeures de d\u00e9formation associ\u00e9es \u00e0 des syst\u00e8mes aurif\u00e8res orog\u00e9niques connus. Le projet contient le syst\u00e8me aurif\u00e8re de Regnault,&hellip;<\/p>\n","protected":false},"author":1,"featured_media":0,"parent":0,"menu_order":0,"comment_status":"closed","ping_status":"closed","template":"","meta":{"_locale":"fr_FR","_original_post":"http:\/\/smmc-dev.local\/?page_id=13","footnotes":""},"class_list":["post-238","page","type-page","status-publish","hentry","fr-FR"],"_links":{"self":[{"href":"https:\/\/smmcl.ca\/wp-json\/wp\/v2\/pages\/238","targetHints":{"allow":["GET"]}}],"collection":[{"href":"https:\/\/smmcl.ca\/wp-json\/wp\/v2\/pages"}],"about":[{"href":"https:\/\/smmcl.ca\/wp-json\/wp\/v2\/types\/page"}],"author":[{"embeddable":true,"href":"https:\/\/smmcl.ca\/wp-json\/wp\/v2\/users\/1"}],"replies":[{"embeddable":true,"href":"https:\/\/smmcl.ca\/wp-json\/wp\/v2\/comments?post=238"}],"version-history":[{"count":4,"href":"https:\/\/smmcl.ca\/wp-json\/wp\/v2\/pages\/238\/revisions"}],"predecessor-version":[{"id":249,"href":"https:\/\/smmcl.ca\/wp-json\/wp\/v2\/pages\/238\/revisions\/249"}],"wp:attachment":[{"href":"https:\/\/smmcl.ca\/wp-json\/wp\/v2\/media?parent=238"}],"curies":[{"name":"wp","href":"https:\/\/api.w.org\/{rel}","templated":true}]}}